{"id":92,"date":"2009-12-29T23:52:10","date_gmt":"2009-12-29T22:52:10","guid":{"rendered":"http:\/\/zweifel-billard.ch\/?page_id=92"},"modified":"2019-05-11T11:34:22","modified_gmt":"2019-05-11T10:34:22","slug":"tischgrossen","status":"publish","type":"page","link":"https:\/\/zweifel-billard.ch\/index.php\/tischgrossen\/","title":{"rendered":"Tischgr\u00f6ssen"},"content":{"rendered":"<p style=\"text-align: center;\"><span style=\"font-size: 14pt;\"><strong>Pooltische<\/strong><\/span><\/p>\n<p><img loading=\"lazy\" decoding=\"async\" class=\"alignnone size-full wp-image-3631\" style=\"box-shadow: 5px 5px 10px grey;\" src=\"https:\/\/zweifel-billard.ch\/wp-content\/uploads\/2019\/05\/Tabelle-Tischgro\u0308ssen-Pool-Blatt2.jpg\" alt=\"\" width=\"1945\" height=\"794\" srcset=\"https:\/\/zweifel-billard.ch\/wp-content\/uploads\/2019\/05\/Tabelle-Tischgro\u0308ssen-Pool-Blatt2.jpg 1945w, https:\/\/zweifel-billard.ch\/wp-content\/uploads\/2019\/05\/Tabelle-Tischgro\u0308ssen-Pool-Blatt2-300x122.jpg 300w, https:\/\/zweifel-billard.ch\/wp-content\/uploads\/2019\/05\/Tabelle-Tischgro\u0308ssen-Pool-Blatt2-768x314.jpg 768w, https:\/\/zweifel-billard.ch\/wp-content\/uploads\/2019\/05\/Tabelle-Tischgro\u0308ssen-Pool-Blatt2-1024x418.jpg 1024w\" sizes=\"auto, (max-width: 1945px) 100vw, 1945px\" \/><\/p>\n<p style=\"text-align: center;\">\u00a0* Der 8 &#8211; Fuss over size wird auch 8 &#8211; Fuss plus oder 8 \u00bd &#8211; Fuss genannt.<\/p>\n<p>&nbsp;<\/p>\n<p style=\"text-align: center;\"><span style=\"font-size: 14pt;\"><strong>Snookertische<\/strong><\/span><\/p>\n<p><img loading=\"lazy\" decoding=\"async\" class=\"alignnone size-full wp-image-3632\" style=\"box-shadow: 5px 5px 10px grey;\" src=\"https:\/\/zweifel-billard.ch\/wp-content\/uploads\/2019\/05\/Tabelle-Tischgro\u0308ssen-Snooker-Blatt1.jpg\" alt=\"\" width=\"1945\" height=\"536\" srcset=\"https:\/\/zweifel-billard.ch\/wp-content\/uploads\/2019\/05\/Tabelle-Tischgro\u0308ssen-Snooker-Blatt1.jpg 1945w, https:\/\/zweifel-billard.ch\/wp-content\/uploads\/2019\/05\/Tabelle-Tischgro\u0308ssen-Snooker-Blatt1-300x83.jpg 300w, https:\/\/zweifel-billard.ch\/wp-content\/uploads\/2019\/05\/Tabelle-Tischgro\u0308ssen-Snooker-Blatt1-768x212.jpg 768w, https:\/\/zweifel-billard.ch\/wp-content\/uploads\/2019\/05\/Tabelle-Tischgro\u0308ssen-Snooker-Blatt1-1024x282.jpg 1024w\" sizes=\"auto, (max-width: 1945px) 100vw, 1945px\" \/><\/p>\n<p>&nbsp;<\/p>\n<p style=\"text-align: center;\"><span style=\"font-size: 14pt;\"><strong>Caramboletische<\/strong><\/span><\/p>\n<p><img loading=\"lazy\" decoding=\"async\" class=\"alignnone size-full wp-image-3633\" style=\"box-shadow: 5px 5px 10px grey;\" src=\"https:\/\/zweifel-billard.ch\/wp-content\/uploads\/2019\/05\/Tabelle-Tischgro\u0308ssen-Carambole-Blatt1.jpg\" alt=\"\" width=\"1945\" height=\"536\" srcset=\"https:\/\/zweifel-billard.ch\/wp-content\/uploads\/2019\/05\/Tabelle-Tischgro\u0308ssen-Carambole-Blatt1.jpg 1945w, https:\/\/zweifel-billard.ch\/wp-content\/uploads\/2019\/05\/Tabelle-Tischgro\u0308ssen-Carambole-Blatt1-300x83.jpg 300w, https:\/\/zweifel-billard.ch\/wp-content\/uploads\/2019\/05\/Tabelle-Tischgro\u0308ssen-Carambole-Blatt1-768x212.jpg 768w, https:\/\/zweifel-billard.ch\/wp-content\/uploads\/2019\/05\/Tabelle-Tischgro\u0308ssen-Carambole-Blatt1-1024x282.jpg 1024w\" sizes=\"auto, (max-width: 1945px) 100vw, 1945px\" \/><\/p>\n<p>&nbsp;<\/p>\n<p style=\"text-align: center;\">Der optimale Platzbedarf errechnet sich aus Spielfl\u00e4che,\u00a0 2 x 15 cm Bandenrahmenbreite und 2 x 150 cm Wandabstand.<\/p>\n<p style=\"text-align: center;\">Bei Platzmangel und keinen professionellen Anspr\u00fcchen kann mit k\u00fcrzeren Queues der Platzbedarf in L\u00e4nge und Breite um je ca. 50 cm unterschritten werden. Ist noch weniger Platz vorhanden, w\u00fcrde ich Ihnen zum n\u00e4chst kleineren Tisch raten.<\/p>\n","protected":false},"excerpt":{"rendered":"<p>Pooltische \u00a0* Der 8 &#8211; Fuss over size wird auch 8 &#8211; Fuss plus oder 8 \u00bd &#8211; Fuss genannt. &nbsp; Snookertische &nbsp; Caramboletische &nbsp; Der optimale Platzbedarf errechnet sich aus Spielfl\u00e4che,\u00a0 2 x 15 cm Bandenrahmenbreite und 2 x 150 cm Wandabstand. Bei Platzmangel und keinen professionellen Anspr\u00fcchen kann mit k\u00fcrzeren Queues der Platzbedarf &hellip; <a href=\"https:\/\/zweifel-billard.ch\/index.php\/tischgrossen\/\" class=\"more-link\"><span class=\"screen-reader-text\">Tischgr\u00f6ssen<\/span> weiterlesen <span class=\"meta-nav\">&rarr;<\/span><\/a><\/p>\n","protected":false},"author":2,"featured_media":0,"parent":0,"menu_order":7,"comment_status":"closed","ping_status":"closed","template":"","meta":{"footnotes":""},"class_list":["post-92","page","type-page","status-publish","hentry"],"_links":{"self":[{"href":"https:\/\/zweifel-billard.ch\/index.php\/wp-json\/wp\/v2\/pages\/92","targetHints":{"allow":["GET"]}}],"collection":[{"href":"https:\/\/zweifel-billard.ch\/index.php\/wp-json\/wp\/v2\/pages"}],"about":[{"href":"https:\/\/zweifel-billard.ch\/index.php\/wp-json\/wp\/v2\/types\/page"}],"author":[{"embeddable":true,"href":"https:\/\/zweifel-billard.ch\/index.php\/wp-json\/wp\/v2\/users\/2"}],"replies":[{"embeddable":true,"href":"https:\/\/zweifel-billard.ch\/index.php\/wp-json\/wp\/v2\/comments?post=92"}],"version-history":[{"count":66,"href":"https:\/\/zweifel-billard.ch\/index.php\/wp-json\/wp\/v2\/pages\/92\/revisions"}],"predecessor-version":[{"id":94,"href":"https:\/\/zweifel-billard.ch\/index.php\/wp-json\/wp\/v2\/pages\/92\/revisions\/94"}],"wp:attachment":[{"href":"https:\/\/zweifel-billard.ch\/index.php\/wp-json\/wp\/v2\/media?parent=92"}],"curies":[{"name":"wp","href":"https:\/\/api.w.org\/{rel}","templated":true}]}}