{"id":74,"date":"2009-12-29T20:04:23","date_gmt":"2009-12-29T19:04:23","guid":{"rendered":"http:\/\/zweifel-billard.ch\/?page_id=74"},"modified":"2025-12-02T17:47:15","modified_gmt":"2025-12-02T16:47:15","slug":"caramboletucher","status":"publish","type":"page","link":"https:\/\/zweifel-billard.ch\/index.php\/caramboletucher\/","title":{"rendered":"Carambolet\u00fccher"},"content":{"rendered":"<p>Ich empfehle und\u00a0verwende haupts\u00e4chlich Carambolet\u00fccher der Firma <a title=\"Iwan Simonis\" href=\"http:\/\/iwansimonis.com\/\" target=\"_blank\" rel=\"noopener\">Iwan Simonis<\/a> in der Qualit\u00e4t 300 rapid.<\/p>\n<p>Auf Wunsch bestelle und montiere ich Ihnen auch das Corina Tuch.<\/p>\n<hr \/>\n<p><strong>Farbmuster Simonis 300 rapid<\/strong><\/p>\n<table border=\"0\" cellspacing=\"0\" cellpadding=\"0\">\n<tbody>\n<tr style=\"height: 213px;\">\n<td style=\"height: 213px;\" valign=\"top\" width=\"205\"><img loading=\"lazy\" decoding=\"async\" style=\"box-shadow: 4px 4px 10px grey; border-radius: 12px;\" title=\"Yellow Green\" src=\"https:\/\/zweifel-billard.ch\/wp-content\/uploads\/2014\/06\/car_yellow_green.gif\" alt=\"\" width=\"128\" height=\"88\" \/><\/td>\n<td style=\"height: 213px;\" valign=\"top\" width=\"205\"><img loading=\"lazy\" decoding=\"async\" style=\"box-shadow: 4px 4px 10px grey; border-radius: 12px;\" title=\"Blue Green\" src=\"https:\/\/zweifel-billard.ch\/wp-content\/uploads\/2014\/06\/car_blue_green.gif\" alt=\"\" width=\"128\" height=\"88\" \/><\/td>\n<td style=\"height: 213px;\" valign=\"top\" width=\"205\"><img loading=\"lazy\" decoding=\"async\" style=\"box-shadow: 4px 4px 10px grey; border-radius: 12px;\" title=\"Empire Green\" src=\"https:\/\/zweifel-billard.ch\/wp-content\/uploads\/2014\/06\/car_empire_green.gif\" alt=\"\" width=\"128\" height=\"88\" \/><\/td>\n<\/tr>\n<tr style=\"height: 161px;\">\n<td style=\"height: 161px;\" valign=\"top\" width=\"205\"><img loading=\"lazy\" decoding=\"async\" style=\"box-shadow: 4px 4px 10px grey; border-radius: 12px;\" title=\"Olive Green\" src=\"https:\/\/zweifel-billard.ch\/wp-content\/uploads\/2014\/06\/car_olive_green.gif\" alt=\"\" width=\"128\" height=\"88\" \/><\/td>\n<td style=\"height: 161px;\" valign=\"top\" width=\"205\"><img loading=\"lazy\" decoding=\"async\" style=\"box-shadow: 4px 4px 10px grey; border-radius: 12px;\" title=\"Desla Blue\" src=\"https:\/\/zweifel-billard.ch\/wp-content\/uploads\/2014\/06\/car_delsa_blue.gif\" alt=\"\" width=\"128\" height=\"88\" \/><\/td>\n<td style=\"height: 161px;\" valign=\"top\" width=\"205\"><img loading=\"lazy\" decoding=\"async\" style=\"box-shadow: 4px 4px 10px grey; border-radius: 12px;\" title=\"Electric Blue\" src=\"https:\/\/zweifel-billard.ch\/wp-content\/uploads\/2014\/06\/car_electric_blue.gif\" alt=\"\" width=\"128\" height=\"88\" \/><\/td>\n<\/tr>\n<tr style=\"height: 169px;\">\n<td style=\"height: 169px;\" valign=\"top\" width=\"205\"><img loading=\"lazy\" decoding=\"async\" class=\"alignnone wp-image-2998 size-full\" style=\"box-shadow: 4px 4px 10px grey; border-radius: 11px;\" title=\"prestige\" src=\"https:\/\/zweifel-billard.ch\/wp-content\/uploads\/2018\/02\/prestige.gif\" width=\"128\" height=\"88\" \/><\/td>\n<td style=\"height: 169px;\" valign=\"top\" width=\"205\"><img loading=\"lazy\" decoding=\"async\" class=\"alignnone\" style=\"box-shadow: 4px 4px 10px grey; border-radius: 12px;\" title=\"Red\" src=\"https:\/\/zweifel-billard.ch\/wp-content\/uploads\/2014\/06\/car_red.gif\" alt=\"\" width=\"128\" height=\"88\" \/><\/td>\n<td style=\"height: 169px;\" valign=\"top\" width=\"205\"><img loading=\"lazy\" decoding=\"async\" class=\"alignnone\" style=\"box-shadow: 4px 4px 10px grey; border-radius: 12px;\" title=\"Burgundy\" src=\"https:\/\/zweifel-billard.ch\/wp-content\/uploads\/2014\/06\/car_burgundy.gif\" alt=\"\" width=\"128\" height=\"88\" \/><\/td>\n<\/tr>\n<tr style=\"height: 137.017px;\">\n<td style=\"height: 137.017px;\" valign=\"top\" width=\"205\"><img loading=\"lazy\" decoding=\"async\" style=\"box-shadow: 4px 4px 10px grey; border-radius: 12px;\" title=\"Black\" src=\"https:\/\/zweifel-billard.ch\/wp-content\/uploads\/2014\/06\/car_black.gif\" alt=\"\" width=\"128\" height=\"88\" \/><\/td>\n<td style=\"height: 137.017px;\" valign=\"top\" width=\"205\"><\/td>\n<td style=\"height: 137.017px;\" valign=\"top\" width=\"205\"><\/td>\n<\/tr>\n<\/tbody>\n<\/table>\n<p>Bitte beachten Sie, dass sich die Farben auf dem Bildschirm zu den tats\u00e4chlichen Tuchfarben unterscheiden k\u00f6nnen.<\/p>\n","protected":false},"excerpt":{"rendered":"<p>Ich empfehle und\u00a0verwende haupts\u00e4chlich Carambolet\u00fccher der Firma Iwan Simonis in der Qualit\u00e4t 300 rapid. Auf Wunsch bestelle und montiere ich Ihnen auch das Corina Tuch. Farbmuster Simonis 300 rapid Bitte beachten Sie, dass sich die Farben auf dem Bildschirm zu den tats\u00e4chlichen Tuchfarben unterscheiden k\u00f6nnen.<\/p>\n","protected":false},"author":2,"featured_media":0,"parent":0,"menu_order":0,"comment_status":"closed","ping_status":"closed","template":"","meta":{"footnotes":""},"class_list":["post-74","page","type-page","status-publish","hentry"],"_links":{"self":[{"href":"https:\/\/zweifel-billard.ch\/index.php\/wp-json\/wp\/v2\/pages\/74","targetHints":{"allow":["GET"]}}],"collection":[{"href":"https:\/\/zweifel-billard.ch\/index.php\/wp-json\/wp\/v2\/pages"}],"about":[{"href":"https:\/\/zweifel-billard.ch\/index.php\/wp-json\/wp\/v2\/types\/page"}],"author":[{"embeddable":true,"href":"https:\/\/zweifel-billard.ch\/index.php\/wp-json\/wp\/v2\/users\/2"}],"replies":[{"embeddable":true,"href":"https:\/\/zweifel-billard.ch\/index.php\/wp-json\/wp\/v2\/comments?post=74"}],"version-history":[{"count":43,"href":"https:\/\/zweifel-billard.ch\/index.php\/wp-json\/wp\/v2\/pages\/74\/revisions"}],"predecessor-version":[{"id":3827,"href":"https:\/\/zweifel-billard.ch\/index.php\/wp-json\/wp\/v2\/pages\/74\/revisions\/3827"}],"wp:attachment":[{"href":"https:\/\/zweifel-billard.ch\/index.php\/wp-json\/wp\/v2\/media?parent=74"}],"curies":[{"name":"wp","href":"https:\/\/api.w.org\/{rel}","templated":true}]}}