{"id":3,"date":"2009-12-29T13:08:38","date_gmt":"2009-12-29T12:08:38","guid":{"rendered":"http:\/\/zweifel-billard.ch\/?page_id=3"},"modified":"2022-08-19T10:03:04","modified_gmt":"2022-08-19T09:03:04","slug":"uber-mich","status":"publish","type":"page","link":"https:\/\/zweifel-billard.ch\/index.php\/uber-mich\/","title":{"rendered":"\u00fcber mich"},"content":{"rendered":"<p><a href=\"https:\/\/zweifel-billard.ch\/wp-content\/uploads\/2014\/06\/ueber-mich-dev-rand-3px.jpg\"><img loading=\"lazy\" decoding=\"async\" class=\"alignnone size-full wp-image-1866\" src=\"https:\/\/zweifel-billard.ch\/wp-content\/uploads\/2014\/06\/ueber-mich-dev-rand-3px.jpg\" alt=\"\" width=\"150\" height=\"165\" \/><\/a><\/p>\n<p>Ich bin 1961 geboren und erlernte nach meiner Schulausbildung den Beruf M\u00f6belschreiner. Nach ein paar Berufsjahren wechselte ich zu Billard Brunner in Z\u00fcrich, wo ich f\u00fcr die Montagen und das \u00dcberziehen der Billardtische zust\u00e4ndig war.<\/p>\n<p>1991 gr\u00fcndete ich meine Firma Zweifel Billard und seit dieser Zeit bin ich Hauptberuflich in der ganzen Schweiz t\u00e4tig und f\u00fchre mit Leidenschaft Servicearbeiten an Billardtischen aus.<\/p>\n<p>Zu meiner Kundschaft z\u00e4hlen:<br \/>\n&#8211; Billardcenter<br \/>\n&#8211; Billardclubs<br \/>\n&#8211; Privathaushalte<br \/>\n&#8211; Automatenaufsteller<br \/>\n&#8211; Spielsalons<br \/>\n&#8211; Firmen mit eigenen Billardtischen<br \/>\n&#8211; Restaurants<br \/>\n&#8211; Vereine<br \/>\n&#8211; Jugendh\u00e4user<br \/>\n&#8211; Heime \/ Anstalten<\/p>\n<p>Meine Kunden sch\u00e4tzen meine sauber ausgef\u00fchrten Arbeiten zu einem fairen Preis sowie meine Zuverl\u00e4ssigkeit.<\/p>\n","protected":false},"excerpt":{"rendered":"<p>Ich bin 1961 geboren und erlernte nach meiner Schulausbildung den Beruf M\u00f6belschreiner. Nach ein paar Berufsjahren wechselte ich zu Billard Brunner in Z\u00fcrich, wo ich f\u00fcr die Montagen und das \u00dcberziehen der Billardtische zust\u00e4ndig war. 1991 gr\u00fcndete ich meine Firma Zweifel Billard und seit dieser Zeit bin ich Hauptberuflich in der ganzen Schweiz t\u00e4tig und &hellip; <a href=\"https:\/\/zweifel-billard.ch\/index.php\/uber-mich\/\" class=\"more-link\"><span class=\"screen-reader-text\">\u00fcber mich<\/span> weiterlesen <span class=\"meta-nav\">&rarr;<\/span><\/a><\/p>\n","protected":false},"author":2,"featured_media":0,"parent":0,"menu_order":3,"comment_status":"closed","ping_status":"closed","template":"","meta":{"footnotes":""},"class_list":["post-3","page","type-page","status-publish","hentry"],"_links":{"self":[{"href":"https:\/\/zweifel-billard.ch\/index.php\/wp-json\/wp\/v2\/pages\/3","targetHints":{"allow":["GET"]}}],"collection":[{"href":"https:\/\/zweifel-billard.ch\/index.php\/wp-json\/wp\/v2\/pages"}],"about":[{"href":"https:\/\/zweifel-billard.ch\/index.php\/wp-json\/wp\/v2\/types\/page"}],"author":[{"embeddable":true,"href":"https:\/\/zweifel-billard.ch\/index.php\/wp-json\/wp\/v2\/users\/2"}],"replies":[{"embeddable":true,"href":"https:\/\/zweifel-billard.ch\/index.php\/wp-json\/wp\/v2\/comments?post=3"}],"version-history":[{"count":35,"href":"https:\/\/zweifel-billard.ch\/index.php\/wp-json\/wp\/v2\/pages\/3\/revisions"}],"predecessor-version":[{"id":3718,"href":"https:\/\/zweifel-billard.ch\/index.php\/wp-json\/wp\/v2\/pages\/3\/revisions\/3718"}],"wp:attachment":[{"href":"https:\/\/zweifel-billard.ch\/index.php\/wp-json\/wp\/v2\/media?parent=3"}],"curies":[{"name":"wp","href":"https:\/\/api.w.org\/{rel}","templated":true}]}}